{"id":5591,"date":"2023-06-05T10:16:39","date_gmt":"2023-06-05T13:16:39","guid":{"rendered":"https:\/\/graficosmg.org.br\/site\/?page_id=5591"},"modified":"2023-06-19T17:21:45","modified_gmt":"2023-06-19T20:21:45","slug":"tutotial-de-redefinicao-de-senha","status":"publish","type":"page","link":"https:\/\/graficosmg.org.br\/site\/tutotial-de-redefinicao-de-senha\/","title":{"rendered":"Tutorial de Redefini\u00e7\u00e3o de Senha"},"content":{"rendered":"\t\t<div data-elementor-type=\"wp-page\" data-elementor-id=\"5591\" class=\"elementor elementor-5591\" data-elementor-post-type=\"page\">\n\t\t\t\t\t\t<section class=\"elementor-section elementor-top-section elementor-element elementor-element-0ca48be elementor-section-boxed elementor-section-height-default elementor-section-height-default\" data-id=\"0ca48be\" data-element_type=\"section\" data-e-type=\"section\">\n\t\t\t\t\t\t<div class=\"elementor-container elementor-column-gap-default\">\n\t\t\t\t\t<div class=\"elementor-column elementor-col-100 elementor-top-column elementor-element elementor-element-57b8415\" data-id=\"57b8415\" data-element_type=\"column\" data-e-type=\"column\">\n\t\t\t<div class=\"elementor-widget-wrap elementor-element-populated\">\n\t\t\t\t\t\t<div class=\"elementor-element elementor-element-77822e5 elementor-widget elementor-widget-heading\" data-id=\"77822e5\" data-element_type=\"widget\" data-e-type=\"widget\" data-widget_type=\"heading.default\">\n\t\t\t\t<div class=\"elementor-widget-container\">\n\t\t\t\t\t<h2 class=\"elementor-heading-title elementor-size-default\">Aten\u00e7\u00e3o\n<\/h2>\t\t\t\t<\/div>\n\t\t\t\t<\/div>\n\t\t\t\t<div class=\"elementor-element elementor-element-7587d52 elementor-widget elementor-widget-text-editor\" data-id=\"7587d52\" data-element_type=\"widget\" data-e-type=\"widget\" data-widget_type=\"text-editor.default\">\n\t\t\t\t<div class=\"elementor-widget-container\">\n\t\t\t\t\t\t\t\t\t<p><strong>Todas as empresas e s\u00f3cios cadastrados no sistema do Sindicato, j\u00e1 foram previamente cadastrados no site, com as informa\u00e7\u00f5es que constam no sistema (CNPJ\/CPF e E-mail).<\/strong><\/p><p><strong>Para o primeiro acesso, basta redefinir uma nova senha. Um link de redefini\u00e7\u00e3o sera enviado para o email cadastrado.<\/strong><\/p><p><strong>Caso n\u00e3o receba esse e-mail, gentileza verificar sua caixa de SPAN.<\/strong><\/p><p><span style=\"color: #ff0000;\"><b>Se n\u00e3o receber o e-mail e tamb\u00e9m n\u00e3o estiver na caixa de spam, fa\u00e7a contato com o sindicato para atualiza\u00e7\u00e3o do e-mail no sistema.<\/b><\/span><\/p>\t\t\t\t\t\t\t\t<\/div>\n\t\t\t\t<\/div>\n\t\t\t\t\t<\/div>\n\t\t<\/div>\n\t\t\t\t\t<\/div>\n\t\t<\/section>\n\t\t\t\t<section class=\"elementor-section elementor-top-section elementor-element elementor-element-5786243 elementor-section-boxed elementor-section-height-default elementor-section-height-default\" data-id=\"5786243\" data-element_type=\"section\" data-e-type=\"section\">\n\t\t\t\t\t\t<div class=\"elementor-container elementor-column-gap-default\">\n\t\t\t\t\t<div class=\"elementor-column elementor-col-100 elementor-top-column elementor-element elementor-element-46a2dc9\" data-id=\"46a2dc9\" data-element_type=\"column\" data-e-type=\"column\">\n\t\t\t<div class=\"elementor-widget-wrap elementor-element-populated\">\n\t\t\t\t\t\t<div class=\"elementor-element elementor-element-5ea4b96 elementor-widget elementor-widget-text-editor\" data-id=\"5ea4b96\" data-element_type=\"widget\" data-e-type=\"widget\" data-widget_type=\"text-editor.default\">\n\t\t\t\t<div class=\"elementor-widget-container\">\n\t\t\t\t\t\t\t\t\t<p>1. Clique no bot\u00e3o LOGIN, para ser redirecionado para a p\u00e1gina de acesso.<\/p>\t\t\t\t\t\t\t\t<\/div>\n\t\t\t\t<\/div>\n\t\t\t\t<div class=\"elementor-element elementor-element-c4ab915 elementor-widget elementor-widget-image\" data-id=\"c4ab915\" data-element_type=\"widget\" data-e-type=\"widget\" data-widget_type=\"image.default\">\n\t\t\t\t<div class=\"elementor-widget-container\">\n\t\t\t\t\t\t\t\t\t\t\t\t\t\t\t<img fetchpriority=\"high\" decoding=\"async\" width=\"1024\" height=\"623\" src=\"https:\/\/graficosmg.org.br\/site\/wp-content\/uploads\/2023\/06\/Captura-de-tela-2023-06-05-100215-1024x623.png\" class=\"attachment-large size-large wp-image-5594\" alt=\"\" srcset=\"https:\/\/graficosmg.org.br\/site\/wp-content\/uploads\/2023\/06\/Captura-de-tela-2023-06-05-100215-1024x623.png 1024w, https:\/\/graficosmg.org.br\/site\/wp-content\/uploads\/2023\/06\/Captura-de-tela-2023-06-05-100215-300x183.png 300w, https:\/\/graficosmg.org.br\/site\/wp-content\/uploads\/2023\/06\/Captura-de-tela-2023-06-05-100215-768x467.png 768w, https:\/\/graficosmg.org.br\/site\/wp-content\/uploads\/2023\/06\/Captura-de-tela-2023-06-05-100215-600x365.png 600w, https:\/\/graficosmg.org.br\/site\/wp-content\/uploads\/2023\/06\/Captura-de-tela-2023-06-05-100215.png 1167w\" sizes=\"(max-width: 1024px) 100vw, 1024px\" \/>\t\t\t\t\t\t\t\t\t\t\t\t\t\t\t<\/div>\n\t\t\t\t<\/div>\n\t\t\t\t\t<\/div>\n\t\t<\/div>\n\t\t\t\t\t<\/div>\n\t\t<\/section>\n\t\t\t\t<section class=\"elementor-section elementor-top-section elementor-element elementor-element-4d4ae97 elementor-section-boxed elementor-section-height-default elementor-section-height-default\" data-id=\"4d4ae97\" data-element_type=\"section\" data-e-type=\"section\">\n\t\t\t\t\t\t<div class=\"elementor-container elementor-column-gap-default\">\n\t\t\t\t\t<div class=\"elementor-column elementor-col-100 elementor-top-column elementor-element elementor-element-b40addb\" data-id=\"b40addb\" data-element_type=\"column\" data-e-type=\"column\">\n\t\t\t<div class=\"elementor-widget-wrap elementor-element-populated\">\n\t\t\t\t\t\t<div class=\"elementor-element elementor-element-69ddbd2 elementor-widget elementor-widget-text-editor\" data-id=\"69ddbd2\" data-element_type=\"widget\" data-e-type=\"widget\" data-widget_type=\"text-editor.default\">\n\t\t\t\t<div class=\"elementor-widget-container\">\n\t\t\t\t\t\t\t\t\t<p>2. Como j\u00e1 existe um pr\u00e9-cadastro do seu CNPJ\/CPF e email, voc\u00ea dever\u00e1 clicar no link &#8220;PERDEU SENHA&#8221;, como mostra a imagem.\u00a0<\/p><h4><span style=\"color: #ff0000;\"><strong>No campo NOME, digite o CNPJ utilizando apenas n\u00fameros.<\/strong><\/span><\/h4>\t\t\t\t\t\t\t\t<\/div>\n\t\t\t\t<\/div>\n\t\t\t\t<div class=\"elementor-element elementor-element-8f264aa elementor-widget elementor-widget-image\" data-id=\"8f264aa\" data-element_type=\"widget\" data-e-type=\"widget\" data-widget_type=\"image.default\">\n\t\t\t\t<div class=\"elementor-widget-container\">\n\t\t\t\t\t\t\t\t\t\t\t\t\t\t\t<img decoding=\"async\" width=\"1024\" height=\"660\" src=\"https:\/\/graficosmg.org.br\/site\/wp-content\/uploads\/2023\/06\/Captura-de-tela-2023-06-05-100432-1024x660.png\" class=\"attachment-large size-large wp-image-5593\" alt=\"\" srcset=\"https:\/\/graficosmg.org.br\/site\/wp-content\/uploads\/2023\/06\/Captura-de-tela-2023-06-05-100432-1024x660.png 1024w, https:\/\/graficosmg.org.br\/site\/wp-content\/uploads\/2023\/06\/Captura-de-tela-2023-06-05-100432-300x193.png 300w, https:\/\/graficosmg.org.br\/site\/wp-content\/uploads\/2023\/06\/Captura-de-tela-2023-06-05-100432-768x495.png 768w, https:\/\/graficosmg.org.br\/site\/wp-content\/uploads\/2023\/06\/Captura-de-tela-2023-06-05-100432-600x387.png 600w, https:\/\/graficosmg.org.br\/site\/wp-content\/uploads\/2023\/06\/Captura-de-tela-2023-06-05-100432.png 1120w\" sizes=\"(max-width: 1024px) 100vw, 1024px\" \/>\t\t\t\t\t\t\t\t\t\t\t\t\t\t\t<\/div>\n\t\t\t\t<\/div>\n\t\t\t\t\t<\/div>\n\t\t<\/div>\n\t\t\t\t\t<\/div>\n\t\t<\/section>\n\t\t\t\t<section class=\"elementor-section elementor-top-section elementor-element elementor-element-f00b6fb elementor-section-boxed elementor-section-height-default elementor-section-height-default\" data-id=\"f00b6fb\" data-element_type=\"section\" data-e-type=\"section\">\n\t\t\t\t\t\t<div class=\"elementor-container elementor-column-gap-default\">\n\t\t\t\t\t<div class=\"elementor-column elementor-col-100 elementor-top-column elementor-element elementor-element-f85fe9a\" data-id=\"f85fe9a\" data-element_type=\"column\" data-e-type=\"column\">\n\t\t\t<div class=\"elementor-widget-wrap elementor-element-populated\">\n\t\t\t\t\t\t<div class=\"elementor-element elementor-element-7706e8f elementor-widget elementor-widget-text-editor\" data-id=\"7706e8f\" data-element_type=\"widget\" data-e-type=\"widget\" data-widget_type=\"text-editor.default\">\n\t\t\t\t<div class=\"elementor-widget-container\">\n\t\t\t\t\t\t\t\t\t<p>3. Digite seu CNPJ, CPF ou e-mail cadastrado junto ao sistema e clique em OBTER UMA NOVA SENHA.<\/p><p><span style=\"color: #ff0000;\"><strong>Prefira usar o CNPJ, utilizando apenas n\u00fameros.\u00a0<\/strong><\/span><\/p>\t\t\t\t\t\t\t\t<\/div>\n\t\t\t\t<\/div>\n\t\t\t\t<div class=\"elementor-element elementor-element-9a82b62 elementor-widget elementor-widget-image\" data-id=\"9a82b62\" data-element_type=\"widget\" data-e-type=\"widget\" data-widget_type=\"image.default\">\n\t\t\t\t<div class=\"elementor-widget-container\">\n\t\t\t\t\t\t\t\t\t\t\t\t\t\t\t<img decoding=\"async\" width=\"1024\" height=\"573\" src=\"https:\/\/graficosmg.org.br\/site\/wp-content\/uploads\/2023\/06\/Captura-de-tela-2023-06-05-100502-1024x573.png\" class=\"attachment-large size-large wp-image-5592\" alt=\"\" srcset=\"https:\/\/graficosmg.org.br\/site\/wp-content\/uploads\/2023\/06\/Captura-de-tela-2023-06-05-100502-1024x573.png 1024w, https:\/\/graficosmg.org.br\/site\/wp-content\/uploads\/2023\/06\/Captura-de-tela-2023-06-05-100502-300x168.png 300w, https:\/\/graficosmg.org.br\/site\/wp-content\/uploads\/2023\/06\/Captura-de-tela-2023-06-05-100502-768x430.png 768w, https:\/\/graficosmg.org.br\/site\/wp-content\/uploads\/2023\/06\/Captura-de-tela-2023-06-05-100502-600x336.png 600w, https:\/\/graficosmg.org.br\/site\/wp-content\/uploads\/2023\/06\/Captura-de-tela-2023-06-05-100502.png 1047w\" sizes=\"(max-width: 1024px) 100vw, 1024px\" \/>\t\t\t\t\t\t\t\t\t\t\t\t\t\t\t<\/div>\n\t\t\t\t<\/div>\n\t\t\t\t<div class=\"elementor-element elementor-element-25a0ff4 elementor-widget elementor-widget-text-editor\" data-id=\"25a0ff4\" data-element_type=\"widget\" data-e-type=\"widget\" data-widget_type=\"text-editor.default\">\n\t\t\t\t<div class=\"elementor-widget-container\">\n\t\t\t\t\t\t\t\t\t<p>4. Aparecer\u00e1 uma confirma\u00e7\u00e3o de envio do link para o e-mail cadastrado no sistema. Verifique sua caixa de -mail e spans.<\/p>\t\t\t\t\t\t\t\t<\/div>\n\t\t\t\t<\/div>\n\t\t\t\t<div class=\"elementor-element elementor-element-5b0cc99 elementor-widget elementor-widget-image\" data-id=\"5b0cc99\" data-element_type=\"widget\" data-e-type=\"widget\" data-widget_type=\"image.default\">\n\t\t\t\t<div class=\"elementor-widget-container\">\n\t\t\t\t\t\t\t\t\t\t\t\t\t\t\t<img loading=\"lazy\" decoding=\"async\" width=\"1024\" height=\"661\" src=\"https:\/\/graficosmg.org.br\/site\/wp-content\/uploads\/2023\/06\/Captura-de-tela-2023-06-05-101642-1024x661.png\" class=\"attachment-large size-large wp-image-5598\" alt=\"\" srcset=\"https:\/\/graficosmg.org.br\/site\/wp-content\/uploads\/2023\/06\/Captura-de-tela-2023-06-05-101642-1024x661.png 1024w, https:\/\/graficosmg.org.br\/site\/wp-content\/uploads\/2023\/06\/Captura-de-tela-2023-06-05-101642-300x194.png 300w, https:\/\/graficosmg.org.br\/site\/wp-content\/uploads\/2023\/06\/Captura-de-tela-2023-06-05-101642-768x495.png 768w, https:\/\/graficosmg.org.br\/site\/wp-content\/uploads\/2023\/06\/Captura-de-tela-2023-06-05-101642-600x387.png 600w, https:\/\/graficosmg.org.br\/site\/wp-content\/uploads\/2023\/06\/Captura-de-tela-2023-06-05-101642.png 1079w\" sizes=\"(max-width: 1024px) 100vw, 1024px\" \/>\t\t\t\t\t\t\t\t\t\t\t\t\t\t\t<\/div>\n\t\t\t\t<\/div>\n\t\t\t\t\t<\/div>\n\t\t<\/div>\n\t\t\t\t\t<\/div>\n\t\t<\/section>\n\t\t\t\t<section class=\"elementor-section elementor-top-section elementor-element elementor-element-6b60982 elementor-section-boxed elementor-section-height-default elementor-section-height-default\" data-id=\"6b60982\" data-element_type=\"section\" data-e-type=\"section\">\n\t\t\t\t\t\t<div class=\"elementor-container elementor-column-gap-default\">\n\t\t\t\t\t<div class=\"elementor-column elementor-col-100 elementor-top-column elementor-element elementor-element-d5bd04b\" data-id=\"d5bd04b\" data-element_type=\"column\" data-e-type=\"column\">\n\t\t\t<div class=\"elementor-widget-wrap elementor-element-populated\">\n\t\t\t\t\t\t<div class=\"elementor-element elementor-element-f0c1529 elementor-widget elementor-widget-text-editor\" data-id=\"f0c1529\" data-element_type=\"widget\" data-e-type=\"widget\" data-widget_type=\"text-editor.default\">\n\t\t\t\t<div class=\"elementor-widget-container\">\n\t\t\t\t\t\t\t\t\t<p>5. Ao receber o e-mail, clique no link ou copie-o e cole-o em seu navegador, para abertura da p\u00e1gina de cria\u00e7\u00e3o de senha.<\/p>\t\t\t\t\t\t\t\t<\/div>\n\t\t\t\t<\/div>\n\t\t\t\t<div class=\"elementor-element elementor-element-433cc4c elementor-widget elementor-widget-image\" data-id=\"433cc4c\" data-element_type=\"widget\" data-e-type=\"widget\" data-widget_type=\"image.default\">\n\t\t\t\t<div class=\"elementor-widget-container\">\n\t\t\t\t\t\t\t\t\t\t\t\t\t\t\t<img loading=\"lazy\" decoding=\"async\" width=\"1024\" height=\"500\" src=\"https:\/\/graficosmg.org.br\/site\/wp-content\/uploads\/2023\/06\/Captura-de-tela-2023-06-05-101815-1024x500.png\" class=\"attachment-large size-large wp-image-5597\" alt=\"\" srcset=\"https:\/\/graficosmg.org.br\/site\/wp-content\/uploads\/2023\/06\/Captura-de-tela-2023-06-05-101815-1024x500.png 1024w, https:\/\/graficosmg.org.br\/site\/wp-content\/uploads\/2023\/06\/Captura-de-tela-2023-06-05-101815-300x146.png 300w, https:\/\/graficosmg.org.br\/site\/wp-content\/uploads\/2023\/06\/Captura-de-tela-2023-06-05-101815-768x375.png 768w, https:\/\/graficosmg.org.br\/site\/wp-content\/uploads\/2023\/06\/Captura-de-tela-2023-06-05-101815-600x293.png 600w, https:\/\/graficosmg.org.br\/site\/wp-content\/uploads\/2023\/06\/Captura-de-tela-2023-06-05-101815.png 1033w\" sizes=\"(max-width: 1024px) 100vw, 1024px\" \/>\t\t\t\t\t\t\t\t\t\t\t\t\t\t\t<\/div>\n\t\t\t\t<\/div>\n\t\t\t\t\t<\/div>\n\t\t<\/div>\n\t\t\t\t\t<\/div>\n\t\t<\/section>\n\t\t\t\t<section class=\"elementor-section elementor-top-section elementor-element elementor-element-ec9ca23 elementor-section-boxed elementor-section-height-default elementor-section-height-default\" data-id=\"ec9ca23\" data-element_type=\"section\" data-e-type=\"section\">\n\t\t\t\t\t\t<div class=\"elementor-container elementor-column-gap-default\">\n\t\t\t\t\t<div class=\"elementor-column elementor-col-100 elementor-top-column elementor-element elementor-element-2ee0414\" data-id=\"2ee0414\" data-element_type=\"column\" data-e-type=\"column\">\n\t\t\t<div class=\"elementor-widget-wrap elementor-element-populated\">\n\t\t\t\t\t\t<div class=\"elementor-element elementor-element-69383e1 elementor-widget elementor-widget-text-editor\" data-id=\"69383e1\" data-element_type=\"widget\" data-e-type=\"widget\" data-widget_type=\"text-editor.default\">\n\t\t\t\t<div class=\"elementor-widget-container\">\n\t\t\t\t\t\t\t\t\t<p>6. Digite a nova senha igualmente nos dois campos abaixo e clique em REDEFINIR A SENHA.<\/p>\t\t\t\t\t\t\t\t<\/div>\n\t\t\t\t<\/div>\n\t\t\t\t<div class=\"elementor-element elementor-element-5659e69 elementor-widget elementor-widget-image\" data-id=\"5659e69\" data-element_type=\"widget\" data-e-type=\"widget\" data-widget_type=\"image.default\">\n\t\t\t\t<div class=\"elementor-widget-container\">\n\t\t\t\t\t\t\t\t\t\t\t\t\t\t\t<img loading=\"lazy\" decoding=\"async\" width=\"1024\" height=\"611\" src=\"https:\/\/graficosmg.org.br\/site\/wp-content\/uploads\/2023\/06\/Captura-de-tela-2023-06-05-101859-1024x611.png\" class=\"attachment-large size-large wp-image-5596\" alt=\"\" srcset=\"https:\/\/graficosmg.org.br\/site\/wp-content\/uploads\/2023\/06\/Captura-de-tela-2023-06-05-101859-1024x611.png 1024w, https:\/\/graficosmg.org.br\/site\/wp-content\/uploads\/2023\/06\/Captura-de-tela-2023-06-05-101859-300x179.png 300w, https:\/\/graficosmg.org.br\/site\/wp-content\/uploads\/2023\/06\/Captura-de-tela-2023-06-05-101859-768x459.png 768w, https:\/\/graficosmg.org.br\/site\/wp-content\/uploads\/2023\/06\/Captura-de-tela-2023-06-05-101859-600x358.png 600w, https:\/\/graficosmg.org.br\/site\/wp-content\/uploads\/2023\/06\/Captura-de-tela-2023-06-05-101859.png 1122w\" sizes=\"(max-width: 1024px) 100vw, 1024px\" \/>\t\t\t\t\t\t\t\t\t\t\t\t\t\t\t<\/div>\n\t\t\t\t<\/div>\n\t\t\t\t<div class=\"elementor-element elementor-element-4b4e245 elementor-widget elementor-widget-text-editor\" data-id=\"4b4e245\" data-element_type=\"widget\" data-e-type=\"widget\" data-widget_type=\"text-editor.default\">\n\t\t\t\t<div class=\"elementor-widget-container\">\n\t\t\t\t\t\t\t\t\t<p>6. Aparecer\u00e1 a redefini\u00e7\u00e3o de senha atualizada com sucesso. Preencha nos campos abaixo seu nome de usu\u00e1rio (CNPJ\/CPF ou E-mail) e senha e clique em ACESSAR.\u00a0<\/p>\t\t\t\t\t\t\t\t<\/div>\n\t\t\t\t<\/div>\n\t\t\t\t<div class=\"elementor-element elementor-element-8acd02b elementor-widget elementor-widget-image\" data-id=\"8acd02b\" data-element_type=\"widget\" data-e-type=\"widget\" data-widget_type=\"image.default\">\n\t\t\t\t<div class=\"elementor-widget-container\">\n\t\t\t\t\t\t\t\t\t\t\t\t\t\t\t<img loading=\"lazy\" decoding=\"async\" width=\"1024\" height=\"713\" src=\"https:\/\/graficosmg.org.br\/site\/wp-content\/uploads\/2023\/06\/Captura-de-tela-2023-06-05-101930-1024x713.png\" class=\"attachment-large size-large wp-image-5595\" alt=\"\" srcset=\"https:\/\/graficosmg.org.br\/site\/wp-content\/uploads\/2023\/06\/Captura-de-tela-2023-06-05-101930-1024x713.png 1024w, https:\/\/graficosmg.org.br\/site\/wp-content\/uploads\/2023\/06\/Captura-de-tela-2023-06-05-101930-300x209.png 300w, https:\/\/graficosmg.org.br\/site\/wp-content\/uploads\/2023\/06\/Captura-de-tela-2023-06-05-101930-768x535.png 768w, https:\/\/graficosmg.org.br\/site\/wp-content\/uploads\/2023\/06\/Captura-de-tela-2023-06-05-101930-600x418.png 600w, https:\/\/graficosmg.org.br\/site\/wp-content\/uploads\/2023\/06\/Captura-de-tela-2023-06-05-101930.png 1043w\" sizes=\"(max-width: 1024px) 100vw, 1024px\" \/>\t\t\t\t\t\t\t\t\t\t\t\t\t\t\t<\/div>\n\t\t\t\t<\/div>\n\t\t\t\t\t<\/div>\n\t\t<\/div>\n\t\t\t\t\t<\/div>\n\t\t<\/section>\n\t\t\t\t<section class=\"elementor-section elementor-top-section elementor-element elementor-element-d72412c elementor-section-boxed elementor-section-height-default elementor-section-height-default\" data-id=\"d72412c\" data-element_type=\"section\" data-e-type=\"section\">\n\t\t\t\t\t\t<div class=\"elementor-container elementor-column-gap-default\">\n\t\t\t\t\t<div class=\"elementor-column elementor-col-100 elementor-top-column elementor-element elementor-element-02c6b4f\" data-id=\"02c6b4f\" data-element_type=\"column\" data-e-type=\"column\">\n\t\t\t<div class=\"elementor-widget-wrap elementor-element-populated\">\n\t\t\t\t\t\t<div class=\"elementor-element elementor-element-f0eb284 elementor-widget elementor-widget-text-editor\" data-id=\"f0eb284\" data-element_type=\"widget\" data-e-type=\"widget\" data-widget_type=\"text-editor.default\">\n\t\t\t\t<div class=\"elementor-widget-container\">\n\t\t\t\t\t\t\t\t\t<p>7. Voc\u00ea ser\u00e1 redirecionado para sua p\u00e1gina de associa\u00e7\u00e3o. Para acessar o conte\u00fado disponibilizado para seu n\u00edvel de usu\u00e1rio, clique no link MINHA CONTA.<\/p>\t\t\t\t\t\t\t\t<\/div>\n\t\t\t\t<\/div>\n\t\t\t\t<div class=\"elementor-element elementor-element-0d8bddf elementor-widget elementor-widget-image\" data-id=\"0d8bddf\" data-element_type=\"widget\" data-e-type=\"widget\" data-widget_type=\"image.default\">\n\t\t\t\t<div class=\"elementor-widget-container\">\n\t\t\t\t\t\t\t\t\t\t\t\t\t\t\t<img loading=\"lazy\" decoding=\"async\" width=\"1024\" height=\"554\" src=\"https:\/\/graficosmg.org.br\/site\/wp-content\/uploads\/2023\/06\/Captura-de-tela-2023-06-05-103520-1024x554.png\" class=\"attachment-large size-large wp-image-5607\" alt=\"\" srcset=\"https:\/\/graficosmg.org.br\/site\/wp-content\/uploads\/2023\/06\/Captura-de-tela-2023-06-05-103520-1024x554.png 1024w, https:\/\/graficosmg.org.br\/site\/wp-content\/uploads\/2023\/06\/Captura-de-tela-2023-06-05-103520-300x162.png 300w, https:\/\/graficosmg.org.br\/site\/wp-content\/uploads\/2023\/06\/Captura-de-tela-2023-06-05-103520-768x415.png 768w, https:\/\/graficosmg.org.br\/site\/wp-content\/uploads\/2023\/06\/Captura-de-tela-2023-06-05-103520-600x325.png 600w, https:\/\/graficosmg.org.br\/site\/wp-content\/uploads\/2023\/06\/Captura-de-tela-2023-06-05-103520.png 1076w\" sizes=\"(max-width: 1024px) 100vw, 1024px\" \/>\t\t\t\t\t\t\t\t\t\t\t\t\t\t\t<\/div>\n\t\t\t\t<\/div>\n\t\t\t\t<div class=\"elementor-element elementor-element-19376dc elementor-widget elementor-widget-text-editor\" data-id=\"19376dc\" data-element_type=\"widget\" data-e-type=\"widget\" data-widget_type=\"text-editor.default\">\n\t\t\t\t<div class=\"elementor-widget-container\">\n\t\t\t\t\t\t\t\t\t<p>6. Ao passar o mouse sobre o link MINHA CON TA, aparecer\u00e1 as op\u00e7\u00f5es \u00c1REA DE S\u00d3CIO e \u00c1REA DE EMPRESAS. Selecione e acesses os conte\u00fados liberados para voc\u00ea.<\/p>\t\t\t\t\t\t\t\t<\/div>\n\t\t\t\t<\/div>\n\t\t\t\t<div class=\"elementor-element elementor-element-5039528 elementor-widget elementor-widget-image\" data-id=\"5039528\" data-element_type=\"widget\" data-e-type=\"widget\" data-widget_type=\"image.default\">\n\t\t\t\t<div class=\"elementor-widget-container\">\n\t\t\t\t\t\t\t\t\t\t\t\t\t\t\t<img loading=\"lazy\" decoding=\"async\" width=\"1024\" height=\"600\" src=\"https:\/\/graficosmg.org.br\/site\/wp-content\/uploads\/2023\/06\/area-conta-1024x600.png\" class=\"attachment-large size-large wp-image-5606\" alt=\"\" srcset=\"https:\/\/graficosmg.org.br\/site\/wp-content\/uploads\/2023\/06\/area-conta-1024x600.png 1024w, https:\/\/graficosmg.org.br\/site\/wp-content\/uploads\/2023\/06\/area-conta-300x176.png 300w, https:\/\/graficosmg.org.br\/site\/wp-content\/uploads\/2023\/06\/area-conta-768x450.png 768w, https:\/\/graficosmg.org.br\/site\/wp-content\/uploads\/2023\/06\/area-conta-600x352.png 600w, https:\/\/graficosmg.org.br\/site\/wp-content\/uploads\/2023\/06\/area-conta.png 1152w\" sizes=\"(max-width: 1024px) 100vw, 1024px\" \/>\t\t\t\t\t\t\t\t\t\t\t\t\t\t\t<\/div>\n\t\t\t\t<\/div>\n\t\t\t\t\t<\/div>\n\t\t<\/div>\n\t\t\t\t\t<\/div>\n\t\t<\/section>\n\t\t\t\t<section class=\"elementor-section elementor-top-section elementor-element elementor-element-556f999 elementor-section-boxed elementor-section-height-default elementor-section-height-default\" data-id=\"556f999\" data-element_type=\"section\" data-e-type=\"section\">\n\t\t\t\t\t\t<div class=\"elementor-container elementor-column-gap-default\">\n\t\t\t\t\t<div class=\"elementor-column elementor-col-100 elementor-top-column elementor-element elementor-element-ea678c0\" data-id=\"ea678c0\" data-element_type=\"column\" data-e-type=\"column\">\n\t\t\t<div class=\"elementor-widget-wrap elementor-element-populated\">\n\t\t\t\t\t\t<div class=\"elementor-element elementor-element-7ed63e3 elementor-widget elementor-widget-spacer\" data-id=\"7ed63e3\" data-element_type=\"widget\" data-e-type=\"widget\" data-widget_type=\"spacer.default\">\n\t\t\t\t<div class=\"elementor-widget-container\">\n\t\t\t\t\t\t\t<div class=\"elementor-spacer\">\n\t\t\t<div class=\"elementor-spacer-inner\"><\/div>\n\t\t<\/div>\n\t\t\t\t\t\t<\/div>\n\t\t\t\t<\/div>\n\t\t\t\t\t<\/div>\n\t\t<\/div>\n\t\t\t\t\t<\/div>\n\t\t<\/section>\n\t\t\t\t<\/div>\n\t\t","protected":false},"excerpt":{"rendered":"<p>Aten\u00e7\u00e3o &lt;strong&gt;Todas as empresas e s\u00f3cios cadastrados no sistema do Sindicato, j\u00e1 foram previamente cadastrados no site, com as informa\u00e7\u00f5es&hellip;<\/p>\n","protected":false},"author":1,"featured_media":0,"parent":0,"menu_order":0,"comment_status":"closed","ping_status":"closed","template":"","meta":{"pmpro_default_level":0,"footnotes":""},"class_list":["post-5591","page","type-page","status-publish","hentry","pmpro-has-access"],"_links":{"self":[{"href":"https:\/\/graficosmg.org.br\/site\/wp-json\/wp\/v2\/pages\/5591","targetHints":{"allow":["GET"]}}],"collection":[{"href":"https:\/\/graficosmg.org.br\/site\/wp-json\/wp\/v2\/pages"}],"about":[{"href":"https:\/\/graficosmg.org.br\/site\/wp-json\/wp\/v2\/types\/page"}],"author":[{"embeddable":true,"href":"https:\/\/graficosmg.org.br\/site\/wp-json\/wp\/v2\/users\/1"}],"replies":[{"embeddable":true,"href":"https:\/\/graficosmg.org.br\/site\/wp-json\/wp\/v2\/comments?post=5591"}],"version-history":[{"count":0,"href":"https:\/\/graficosmg.org.br\/site\/wp-json\/wp\/v2\/pages\/5591\/revisions"}],"wp:attachment":[{"href":"https:\/\/graficosmg.org.br\/site\/wp-json\/wp\/v2\/media?parent=5591"}],"curies":[{"name":"wp","href":"https:\/\/api.w.org\/{rel}","templated":true}]}}