{"id":4291,"date":"2023-04-17T16:33:30","date_gmt":"2023-04-17T19:33:30","guid":{"rendered":"https:\/\/graficosmg.org.br\/site\/conta-de-associacao\/niveis-de-associacao\/"},"modified":"2023-05-26T12:31:11","modified_gmt":"2023-05-26T15:31:11","slug":"niveis-de-associacao","status":"publish","type":"page","link":"https:\/\/graficosmg.org.br\/site\/conta-de-associacao\/niveis-de-associacao\/","title":{"rendered":"N\u00edveis de associa\u00e7\u00e3o"},"content":{"rendered":"<div class=\"pmpro_content_message\">Este conte\u00fado \u00e9 apenas para Administrador.<br \/><a href=\"https:\/\/graficosmg.org.br\/site\/login\/\">Acessar<\/a> <a href=\"https:\/\/graficosmg.org.br\/site\/conta-de-associacao\/niveis-de-associacao\/\">Associe-se<\/a><\/div>","protected":false},"excerpt":{"rendered":"<div class=\"pmpro_content_message\">Este conte\u00fado \u00e9 apenas para Administrador.<br \/><a href=\"https:\/\/graficosmg.org.br\/site\/login\/\">Acessar<\/a> <a href=\"https:\/\/graficosmg.org.br\/site\/conta-de-associacao\/niveis-de-associacao\/\">Associe-se<\/a><\/div>","protected":false},"author":1,"featured_media":0,"parent":4285,"menu_order":0,"comment_status":"closed","ping_status":"closed","template":"templates\/template-page-full-width.php","meta":{"pmpro_default_level":0,"footnotes":""},"class_list":["post-4291","page","type-page","status-publish","hentry","pmpro-level-required","pmpro-level-3","pmpro-no-access"],"_links":{"self":[{"href":"https:\/\/graficosmg.org.br\/site\/wp-json\/wp\/v2\/pages\/4291","targetHints":{"allow":["GET"]}}],"collection":[{"href":"https:\/\/graficosmg.org.br\/site\/wp-json\/wp\/v2\/pages"}],"about":[{"href":"https:\/\/graficosmg.org.br\/site\/wp-json\/wp\/v2\/types\/page"}],"author":[{"embeddable":true,"href":"https:\/\/graficosmg.org.br\/site\/wp-json\/wp\/v2\/users\/1"}],"replies":[{"embeddable":true,"href":"https:\/\/graficosmg.org.br\/site\/wp-json\/wp\/v2\/comments?post=4291"}],"version-history":[{"count":0,"href":"https:\/\/graficosmg.org.br\/site\/wp-json\/wp\/v2\/pages\/4291\/revisions"}],"up":[{"embeddable":true,"href":"https:\/\/graficosmg.org.br\/site\/wp-json\/wp\/v2\/pages\/4285"}],"wp:attachment":[{"href":"https:\/\/graficosmg.org.br\/site\/wp-json\/wp\/v2\/media?parent=4291"}],"curies":[{"name":"wp","href":"https:\/\/api.w.org\/{rel}","templated":true}]}}