{"id":3628,"date":"2022-07-04T04:12:25","date_gmt":"2022-07-04T07:12:25","guid":{"rendered":"https:\/\/graficosmg.org.br\/?page_id=3628"},"modified":"2023-05-10T18:50:50","modified_gmt":"2023-05-10T21:50:50","slug":"reduza-os-gastos-com-energia-socios","status":"publish","type":"page","link":"https:\/\/graficosmg.org.br\/site\/socios\/reduza-os-gastos-com-energia-socios\/","title":{"rendered":"Reduza os gastos com energia"},"content":{"rendered":"\t\t<div data-elementor-type=\"wp-page\" data-elementor-id=\"3628\" class=\"elementor elementor-3628\" data-elementor-post-type=\"page\">\n\t\t\t\t\t\t<section class=\"elementor-section elementor-top-section elementor-element elementor-element-4174aa83 elementor-section-boxed elementor-section-height-default elementor-section-height-default\" data-id=\"4174aa83\" data-element_type=\"section\" data-e-type=\"section\">\n\t\t\t\t\t\t<div class=\"elementor-container elementor-column-gap-default\">\n\t\t\t\t\t<div class=\"elementor-column elementor-col-100 elementor-top-column elementor-element elementor-element-3de8d89b\" data-id=\"3de8d89b\" data-element_type=\"column\" data-e-type=\"column\">\n\t\t\t<div class=\"elementor-widget-wrap elementor-element-populated\">\n\t\t\t\t\t\t<div class=\"elementor-element elementor-element-45a27d3 elementor-widget elementor-widget-heading\" data-id=\"45a27d3\" data-element_type=\"widget\" data-e-type=\"widget\" data-widget_type=\"heading.default\">\n\t\t\t\t<div class=\"elementor-widget-container\">\n\t\t\t\t\t<h2 class=\"elementor-heading-title elementor-size-default\">Fa\u00e7a sua ades\u00e3o e reduza\nde imediato at\u00e9 15% na sua conta da CEMIG.<\/h2>\t\t\t\t<\/div>\n\t\t\t\t<\/div>\n\t\t\t\t<div class=\"elementor-element elementor-element-56898a9 elementor-widget elementor-widget-video\" data-id=\"56898a9\" data-element_type=\"widget\" data-e-type=\"widget\" data-settings=\"{&quot;video_type&quot;:&quot;hosted&quot;,&quot;controls&quot;:&quot;yes&quot;}\" data-widget_type=\"video.default\">\n\t\t\t\t<div class=\"elementor-widget-container\">\n\t\t\t\t\t\t\t<div class=\"e-hosted-video elementor-wrapper elementor-open-inline\">\n\t\t\t\t\t<video class=\"elementor-video\" src=\"http:\/\/graficosmg.org.br\/wp-content\/uploads\/2022\/06\/WhatsApp-Video-2022-06-21-at-18.40.12.mp4\" controls=\"\" preload=\"metadata\" controlsList=\"nodownload\"><\/video>\n\t\t\t\t<\/div>\n\t\t\t\t\t\t<\/div>\n\t\t\t\t<\/div>\n\t\t\t\t\t<\/div>\n\t\t<\/div>\n\t\t\t\t\t<\/div>\n\t\t<\/section>\n\t\t\t\t<section class=\"elementor-section elementor-top-section elementor-element elementor-element-f18f167 elementor-section-boxed elementor-section-height-default elementor-section-height-default\" data-id=\"f18f167\" data-element_type=\"section\" data-e-type=\"section\">\n\t\t\t\t\t\t<div class=\"elementor-container elementor-column-gap-default\">\n\t\t\t\t\t<div class=\"elementor-column elementor-col-33 elementor-top-column elementor-element elementor-element-494930a\" data-id=\"494930a\" data-element_type=\"column\" data-e-type=\"column\">\n\t\t\t<div class=\"elementor-widget-wrap elementor-element-populated\">\n\t\t\t\t\t\t<div class=\"elementor-element elementor-element-5b06457 elementor-widget elementor-widget-image\" data-id=\"5b06457\" data-element_type=\"widget\" data-e-type=\"widget\" data-widget_type=\"image.default\">\n\t\t\t\t<div class=\"elementor-widget-container\">\n\t\t\t\t\t\t\t\t\t\t\t\t\t\t\t<img fetchpriority=\"high\" decoding=\"async\" width=\"382\" height=\"381\" src=\"https:\/\/graficosmg.org.br\/site\/wp-content\/uploads\/2023\/05\/Captura-de-tela-2022-06-30-114043.png\" class=\"attachment-large size-large wp-image-4895\" alt=\"\" srcset=\"https:\/\/graficosmg.org.br\/site\/wp-content\/uploads\/2023\/05\/Captura-de-tela-2022-06-30-114043.png 382w, https:\/\/graficosmg.org.br\/site\/wp-content\/uploads\/2023\/05\/Captura-de-tela-2022-06-30-114043-300x300.png 300w, https:\/\/graficosmg.org.br\/site\/wp-content\/uploads\/2023\/05\/Captura-de-tela-2022-06-30-114043-150x150.png 150w\" sizes=\"(max-width: 382px) 100vw, 382px\" \/>\t\t\t\t\t\t\t\t\t\t\t\t\t\t\t<\/div>\n\t\t\t\t<\/div>\n\t\t\t\t\t<\/div>\n\t\t<\/div>\n\t\t\t\t<div class=\"elementor-column elementor-col-33 elementor-top-column elementor-element elementor-element-d46da9b\" data-id=\"d46da9b\" data-element_type=\"column\" data-e-type=\"column\">\n\t\t\t<div class=\"elementor-widget-wrap elementor-element-populated\">\n\t\t\t\t\t\t<div class=\"elementor-element elementor-element-2b4a673 elementor-widget elementor-widget-heading\" data-id=\"2b4a673\" data-element_type=\"widget\" data-e-type=\"widget\" data-widget_type=\"heading.default\">\n\t\t\t\t<div class=\"elementor-widget-container\">\n\t\t\t\t\t<h2 class=\"elementor-heading-title elementor-size-default\">Energia solar \u00e9 na\u00a0IGREEN ENERGY.<\/h2>\t\t\t\t<\/div>\n\t\t\t\t<\/div>\n\t\t\t\t<div class=\"elementor-element elementor-element-9623a4d elementor-widget elementor-widget-text-editor\" data-id=\"9623a4d\" data-element_type=\"widget\" data-e-type=\"widget\" data-widget_type=\"text-editor.default\">\n\t\t\t\t<div class=\"elementor-widget-container\">\n\t\t\t\t\t\t\t\t\t<ul><li>Sem Custo,<\/li><li>Sem Instala\u00e7\u00e3o,<\/li><li>Sem Assinatura,<\/li><li>Sem Fidelidade,<\/li><li>Sem Obras.<\/li><\/ul>\t\t\t\t\t\t\t\t<\/div>\n\t\t\t\t<\/div>\n\t\t\t\t\t<\/div>\n\t\t<\/div>\n\t\t\t\t<div class=\"elementor-column elementor-col-33 elementor-top-column elementor-element elementor-element-e988d0f\" data-id=\"e988d0f\" data-element_type=\"column\" data-e-type=\"column\">\n\t\t\t<div class=\"elementor-widget-wrap elementor-element-populated\">\n\t\t\t\t\t\t<div class=\"elementor-element elementor-element-9573fee elementor-widget elementor-widget-heading\" data-id=\"9573fee\" data-element_type=\"widget\" data-e-type=\"widget\" data-widget_type=\"heading.default\">\n\t\t\t\t<div class=\"elementor-widget-container\">\n\t\t\t\t\t<h2 class=\"elementor-heading-title elementor-size-default\">O que est\u00e1 esperando?<\/h2>\t\t\t\t<\/div>\n\t\t\t\t<\/div>\n\t\t\t\t<div class=\"elementor-element elementor-element-47d53e9 elementor-widget elementor-widget-text-editor\" data-id=\"47d53e9\" data-element_type=\"widget\" data-e-type=\"widget\" data-widget_type=\"text-editor.default\">\n\t\t\t\t<div class=\"elementor-widget-container\">\n\t\t\t\t\t\t\t\t\t<p>Fa\u00e7a j\u00e1 sua Ades\u00e3o e veja quanto vai reduzir sua conta de energia<\/p>\t\t\t\t\t\t\t\t<\/div>\n\t\t\t\t<\/div>\n\t\t\t\t<div class=\"elementor-element elementor-element-dcb283e elementor-widget elementor-widget-button\" data-id=\"dcb283e\" data-element_type=\"widget\" data-e-type=\"widget\" data-widget_type=\"button.default\">\n\t\t\t\t<div class=\"elementor-widget-container\">\n\t\t\t\t\t\t\t\t\t<div class=\"elementor-button-wrapper\">\n\t\t\t\t\t<a class=\"elementor-button elementor-button-link elementor-size-sm\" href=\"https:\/\/www.conexao.igreenenergy.app.br\/?id=3474\">\n\t\t\t\t\t\t<span class=\"elementor-button-content-wrapper\">\n\t\t\t\t\t\t\t\t\t<span class=\"elementor-button-text\">Clique aqui<\/span>\n\t\t\t\t\t<\/span>\n\t\t\t\t\t<\/a>\n\t\t\t\t<\/div>\n\t\t\t\t\t\t\t\t<\/div>\n\t\t\t\t<\/div>\n\t\t\t\t\t<\/div>\n\t\t<\/div>\n\t\t\t\t\t<\/div>\n\t\t<\/section>\n\t\t\t\t<\/div>\n\t\t","protected":false},"excerpt":{"rendered":"<p>Fa\u00e7a sua ades\u00e3o e reduza de imediato at\u00e9 15% na sua conta da CEMIG. http:\/\/graficosmg.org.br\/wp-content\/uploads\/2022\/06\/WhatsApp-Video-2022-06-21-at-18.40.12.mp4 &lt;style&gt;\/*! elementor &#8211; v3.13.1 -&hellip;<\/p>\n","protected":false},"author":1,"featured_media":3607,"parent":4319,"menu_order":0,"comment_status":"closed","ping_status":"closed","template":"","meta":{"pmpro_default_level":0,"footnotes":""},"class_list":["post-3628","page","type-page","status-publish","has-post-thumbnail","hentry","pmpro-has-access"],"_links":{"self":[{"href":"https:\/\/graficosmg.org.br\/site\/wp-json\/wp\/v2\/pages\/3628","targetHints":{"allow":["GET"]}}],"collection":[{"href":"https:\/\/graficosmg.org.br\/site\/wp-json\/wp\/v2\/pages"}],"about":[{"href":"https:\/\/graficosmg.org.br\/site\/wp-json\/wp\/v2\/types\/page"}],"author":[{"embeddable":true,"href":"https:\/\/graficosmg.org.br\/site\/wp-json\/wp\/v2\/users\/1"}],"replies":[{"embeddable":true,"href":"https:\/\/graficosmg.org.br\/site\/wp-json\/wp\/v2\/comments?post=3628"}],"version-history":[{"count":0,"href":"https:\/\/graficosmg.org.br\/site\/wp-json\/wp\/v2\/pages\/3628\/revisions"}],"up":[{"embeddable":true,"href":"https:\/\/graficosmg.org.br\/site\/wp-json\/wp\/v2\/pages\/4319"}],"wp:featuredmedia":[{"embeddable":true,"href":"https:\/\/graficosmg.org.br\/site\/wp-json\/"}],"wp:attachment":[{"href":"https:\/\/graficosmg.org.br\/site\/wp-json\/wp\/v2\/media?parent=3628"}],"curies":[{"name":"wp","href":"https:\/\/api.w.org\/{rel}","templated":true}]}}