{"id":3186,"date":"2021-09-01T17:59:48","date_gmt":"2021-09-01T20:59:48","guid":{"rendered":"http:\/\/graficosmg.org.br\/?page_id=3186"},"modified":"2023-05-10T19:21:40","modified_gmt":"2023-05-10T22:21:40","slug":"parcerias","status":"publish","type":"page","link":"https:\/\/graficosmg.org.br\/site\/convenios\/parcerias\/","title":{"rendered":"Parcerias"},"content":{"rendered":"\t\t<div data-elementor-type=\"wp-page\" data-elementor-id=\"3186\" class=\"elementor elementor-3186\" data-elementor-post-type=\"page\">\n\t\t\t\t\t\t<section class=\"elementor-section elementor-top-section elementor-element elementor-element-262d2d6e elementor-section-boxed elementor-section-height-default elementor-section-height-default\" data-id=\"262d2d6e\" data-element_type=\"section\" data-e-type=\"section\">\n\t\t\t\t\t\t<div class=\"elementor-container elementor-column-gap-default\">\n\t\t\t\t\t<div class=\"elementor-column elementor-col-50 elementor-top-column elementor-element elementor-element-45ce3f1a\" data-id=\"45ce3f1a\" data-element_type=\"column\" data-e-type=\"column\">\n\t\t\t<div class=\"elementor-widget-wrap elementor-element-populated\">\n\t\t\t\t\t\t<div class=\"elementor-element elementor-element-5526147 elementor-widget elementor-widget-text-editor\" data-id=\"5526147\" data-element_type=\"widget\" data-e-type=\"widget\" data-widget_type=\"text-editor.default\">\n\t\t\t\t<div class=\"elementor-widget-container\">\n\t\t\t\t\t\t\t\t\t<ul><li>Desconto na faculdade Est\u00e1cio de S\u00e1<\/li><li>Porto Seguro &#8211; Equipamentos Port\u00e1teis<\/li><li>Porto Cuida &#8211; Porto Seguro<\/li><li>Reppara &#8211; Porto-Seguro<\/li><li>Resid\u00eancia &#8211; Porto-Seguro<\/li><li>SulAmerica &#8211; Odonto<\/li><li>TechF\u00e1cil &#8211; Porto Seguro<\/li><li>SulAmerica &#8211; Vida Individual<\/li><li>Blue Seguro Auto Popular<\/li><li>Rastreador &#8211; Porto Seguro<\/li><li>Vida Mais Simples \u2013 Porto Seguro<\/li><li>Autom\u00f3vel \u2013 Porto Seguro<\/li><li>Tokio Autom\u00f3vel<\/li><li>Tokio Vida Individual<\/li><li>Tokio Resid\u00eancia<\/li><\/ul>\t\t\t\t\t\t\t\t<\/div>\n\t\t\t\t<\/div>\n\t\t\t\t\t<\/div>\n\t\t<\/div>\n\t\t\t\t<div class=\"elementor-column elementor-col-50 elementor-top-column elementor-element elementor-element-fd6ab2a\" data-id=\"fd6ab2a\" data-element_type=\"column\" data-e-type=\"column\" data-settings=\"{&quot;background_background&quot;:&quot;classic&quot;}\">\n\t\t\t<div class=\"elementor-widget-wrap elementor-element-populated\">\n\t\t\t\t\t\t<section class=\"elementor-section elementor-inner-section elementor-element elementor-element-80d9a66 elementor-section-boxed elementor-section-height-default elementor-section-height-default\" data-id=\"80d9a66\" data-element_type=\"section\" data-e-type=\"section\">\n\t\t\t\t\t\t<div class=\"elementor-container elementor-column-gap-default\">\n\t\t\t\t\t<div class=\"elementor-column elementor-col-100 elementor-inner-column elementor-element elementor-element-8ebd52d\" data-id=\"8ebd52d\" data-element_type=\"column\" data-e-type=\"column\">\n\t\t\t<div class=\"elementor-widget-wrap elementor-element-populated\">\n\t\t\t\t\t\t<div class=\"elementor-element elementor-element-72dc46c eael-dual-header-content-align-center elementor-widget elementor-widget-eael-dual-color-header\" data-id=\"72dc46c\" data-element_type=\"widget\" data-e-type=\"widget\" data-widget_type=\"eael-dual-color-header.default\">\n\t\t\t\t<div class=\"elementor-widget-container\">\n\t\t\t\t\t\t\t\t<div class=\"eael-dual-header\">\n\t\t\t\t<span class=\"subtext\"><p>Quer ter acesso \u00e0s informa\u00e7\u00f5es de contato?<\/p><\/span>\n\t\t\t\t<h2 class=\"title eael-dch-title\"><span class=\"eael-dch-title-text eael-dch-title-lead lead solid-color\">Filie-se<\/span> <span class=\"eael-dch-title-text\">E aproveite os benef\u00edcios<\/span><\/h2><div class=\"eael-dch-separator-wrap\"><span class=\"separator-one\"><\/span>\n\t\t\t<span class=\"separator-two\"><\/span><\/div>\t\t\t\t\t\t\t\t\t<span class=\"eael-dch-svg-icon\"><i aria-hidden=\"true\" class=\"fas fa-caret-down\"><\/i><\/span>\t\t\t\t\t\t\t<\/div>\n\t\t\t\t\t\t<\/div>\n\t\t\t\t<\/div>\n\t\t\t\t<div class=\"elementor-element elementor-element-91981ec elementor-align-center elementor-widget elementor-widget-button\" data-id=\"91981ec\" data-element_type=\"widget\" data-e-type=\"widget\" data-widget_type=\"button.default\">\n\t\t\t\t<div class=\"elementor-widget-container\">\n\t\t\t\t\t\t\t\t\t<div class=\"elementor-button-wrapper\">\n\t\t\t\t\t<a class=\"elementor-button elementor-button-link elementor-size-lg\" href=\"https:\/\/graficosmg.sindsystem.srv.br\/socios\/sejasocio\">\n\t\t\t\t\t\t<span class=\"elementor-button-content-wrapper\">\n\t\t\t\t\t\t<span class=\"elementor-button-icon\">\n\t\t\t\t<i aria-hidden=\"true\" class=\"far fa-hand-point-right\"><\/i>\t\t\t<\/span>\n\t\t\t\t\t\t\t\t\t<span class=\"elementor-button-text\">Clique aqui e seja s\u00f3cio<\/span>\n\t\t\t\t\t<\/span>\n\t\t\t\t\t<\/a>\n\t\t\t\t<\/div>\n\t\t\t\t\t\t\t\t<\/div>\n\t\t\t\t<\/div>\n\t\t\t\t\t<\/div>\n\t\t<\/div>\n\t\t\t\t\t<\/div>\n\t\t<\/section>\n\t\t\t\t\t<\/div>\n\t\t<\/div>\n\t\t\t\t\t<\/div>\n\t\t<\/section>\n\t\t\t\t<section class=\"elementor-section elementor-top-section elementor-element elementor-element-5ca1799 elementor-section-full_width elementor-section-height-default elementor-section-height-default\" data-id=\"5ca1799\" data-element_type=\"section\" data-e-type=\"section\">\n\t\t\t\t\t\t<div class=\"elementor-container elementor-column-gap-default\">\n\t\t\t\t\t<div class=\"elementor-column elementor-col-100 elementor-top-column elementor-element elementor-element-95d66e4\" data-id=\"95d66e4\" data-element_type=\"column\" data-e-type=\"column\">\n\t\t\t<div class=\"elementor-widget-wrap\">\n\t\t\t\t\t\t\t<\/div>\n\t\t<\/div>\n\t\t\t\t\t<\/div>\n\t\t<\/section>\n\t\t\t\t<\/div>\n\t\t","protected":false},"excerpt":{"rendered":"<p>Desconto na faculdade Est\u00e1cio de S\u00e1 Porto Seguro &#8211; Equipamentos Port\u00e1teis Porto Cuida &#8211; Porto Seguro Reppara &#8211; Porto-Seguro Resid\u00eancia&hellip;<\/p>\n","protected":false},"author":1,"featured_media":0,"parent":4010,"menu_order":0,"comment_status":"closed","ping_status":"closed","template":"","meta":{"pmpro_default_level":0,"footnotes":""},"class_list":["post-3186","page","type-page","status-publish","hentry","pmpro-has-access"],"_links":{"self":[{"href":"https:\/\/graficosmg.org.br\/site\/wp-json\/wp\/v2\/pages\/3186","targetHints":{"allow":["GET"]}}],"collection":[{"href":"https:\/\/graficosmg.org.br\/site\/wp-json\/wp\/v2\/pages"}],"about":[{"href":"https:\/\/graficosmg.org.br\/site\/wp-json\/wp\/v2\/types\/page"}],"author":[{"embeddable":true,"href":"https:\/\/graficosmg.org.br\/site\/wp-json\/wp\/v2\/users\/1"}],"replies":[{"embeddable":true,"href":"https:\/\/graficosmg.org.br\/site\/wp-json\/wp\/v2\/comments?post=3186"}],"version-history":[{"count":0,"href":"https:\/\/graficosmg.org.br\/site\/wp-json\/wp\/v2\/pages\/3186\/revisions"}],"up":[{"embeddable":true,"href":"https:\/\/graficosmg.org.br\/site\/wp-json\/wp\/v2\/pages\/4010"}],"wp:attachment":[{"href":"https:\/\/graficosmg.org.br\/site\/wp-json\/wp\/v2\/media?parent=3186"}],"curies":[{"name":"wp","href":"https:\/\/api.w.org\/{rel}","templated":true}]}}